{"id":135,"date":"2016-02-21T09:01:31","date_gmt":"2016-02-21T09:01:31","guid":{"rendered":"http:\/\/demowp.cththemes.net\/monolit\/?page_id=135"},"modified":"2022-11-16T14:42:11","modified_gmt":"2022-11-16T14:42:11","slug":"solucoes","status":"publish","type":"page","link":"https:\/\/gavaconstrucoes.com\/index.php\/solucoes\/","title":{"rendered":"Solu\u00e7\u00f5es"},"content":{"rendered":"<div class=\"wpb-content-wrapper\"><p>[vc_row cth_layout=&#8221;monolit_page_sec&#8221;][vc_column offset=&#8221;vc_col-md-8&#8243;][vc_column_text]<\/p>\n<h2 class=\"section-title\"><strong>SOLU\u00c7\u00d5ES<\/strong><\/h2>\n<p>Nossas solu\u00e7\u00f5es ter\u00e3o como objetivo sempre superar as suas expectativas, oferecendo a mais alta qualidade de trabalho.[\/vc_column_text][\/vc_column][vc_column][monolit_services count=&#8221;6&#8243; order=&#8221;ASC&#8221;][\/vc_column][\/vc_row]<\/p>\n<\/div>","protected":false},"excerpt":{"rendered":"<p>[vc_row cth_layout=&#8221;monolit_page_sec&#8221;][vc_column offset=&#8221;vc_col-md-8&#8243;][vc_column_text] SOLU\u00c7\u00d5ES Nossas solu\u00e7\u00f5es ter\u00e3o como objetivo sempre superar as suas expectativas, oferecendo a mais alta qualidade de trabalho.[\/vc_column_text][\/vc_column][vc_column][monolit_services count=&#8221;6&#8243; order=&#8221;ASC&#8221;][\/vc_column][\/vc_row]<\/p>\n","protected":false},"author":1,"featured_media":0,"parent":0,"menu_order":0,"comment_status":"closed","ping_status":"closed","template":"page-fullwidth.php","meta":{"_monsterinsights_skip_tracking":false,"_monsterinsights_sitenote_active":false,"_monsterinsights_sitenote_note":"","_monsterinsights_sitenote_category":0,"footnotes":""},"class_list":["post-135","page","type-page","status-publish","hentry"],"aioseo_notices":[],"_links":{"self":[{"href":"https:\/\/gavaconstrucoes.com\/index.php\/wp-json\/wp\/v2\/pages\/135","targetHints":{"allow":["GET"]}}],"collection":[{"href":"https:\/\/gavaconstrucoes.com\/index.php\/wp-json\/wp\/v2\/pages"}],"about":[{"href":"https:\/\/gavaconstrucoes.com\/index.php\/wp-json\/wp\/v2\/types\/page"}],"author":[{"embeddable":true,"href":"https:\/\/gavaconstrucoes.com\/index.php\/wp-json\/wp\/v2\/users\/1"}],"replies":[{"embeddable":true,"href":"https:\/\/gavaconstrucoes.com\/index.php\/wp-json\/wp\/v2\/comments?post=135"}],"version-history":[{"count":3,"href":"https:\/\/gavaconstrucoes.com\/index.php\/wp-json\/wp\/v2\/pages\/135\/revisions"}],"predecessor-version":[{"id":542,"href":"https:\/\/gavaconstrucoes.com\/index.php\/wp-json\/wp\/v2\/pages\/135\/revisions\/542"}],"wp:attachment":[{"href":"https:\/\/gavaconstrucoes.com\/index.php\/wp-json\/wp\/v2\/media?parent=135"}],"curies":[{"name":"wp","href":"https:\/\/api.w.org\/{rel}","templated":true}]}}