{"id":513,"date":"2016-02-17T17:23:19","date_gmt":"2016-02-17T17:23:19","guid":{"rendered":"http:\/\/demowp.cththemes.net\/monolit\/?page_id=7"},"modified":"2025-03-12T17:38:06","modified_gmt":"2025-03-12T17:38:06","slug":"home-image","status":"publish","type":"page","link":"https:\/\/gavaconstrucoes.com\/","title":{"rendered":"Home"},"content":{"rendered":"<div class=\"wpb-content-wrapper\"><p>[vc_row full_width=&#8221;stretch_row&#8221; cth_layout=&#8221;monolit_fullheight_sec&#8221;][vc_column css_animation=&#8221;none&#8221; css=&#8221;.vc_custom_1739188819455{padding-right: 0px !important;padding-left: 0px !important;}&#8221;][monolit_home_image scroll_link=&#8221;&#8221; bgimg=&#8221;674&#8243;]<\/p>\n<h1><span style=\"color: #ffffff;\"><strong>Gava Constru\u00e7\u00f5es<\/strong><\/span><\/h1>\n<p>&nbsp;<\/p>\n<h1><span style=\"color: #ffffff;\">Constru\u00e7\u00f5es e Gerenciamento<\/span><\/h1>\n<p>&nbsp;<\/p>\n<p><button translate=\"no\" class=\"btg-button btg-button-1\" data-btnid=\"1\" data-url=\"https:\/\/api.whatsapp.com\/send?phone=5519999251616&amp;text=Oi, vim pelo site da Gava Constru\u00e7\u00f5es e gostaria de mais informa\u00e7\u00f5es\" data-action=\"link\" data-target=\"_self\">Saiba Mais<\/button>[\/monolit_home_image][\/vc_column][\/vc_row][vc_row cth_layout=&#8221;monolit_page_sec&#8221; sec_number=&#8221;01&#8243; el_id=&#8221;sec1&#8243;][vc_column offset=&#8221;vc_col-md-4&#8243;][monolit_carousel_slider_multiimgs slideimages=&#8221;641,658,659&#8243;][\/vc_column][vc_column offset=&#8221;vc_col-md-8&#8243;][vc_column_text]<\/p>\n<h2 class=\"section-title\">Bem vindo a Gava Constru\u00e7\u00f5es<\/h2>\n<p>Somos, de fato, entusiastas do setor de desenvolvimento urbano, imobili\u00e1rio residencial e comercial, com grande atua\u00e7\u00e3o no interior de S\u00e3o Paulo. Ao longo de nossa hist\u00f3ria, estamos sempre transformando lugares e trazendo qualidade de vida aos nossos clientes e \u00e0s pessoas do entorno. Sempre nos dedicando a cada detalhe funcional, aconchegante, seguro e essencial. Diante disso, atendemos os desejos dos nossos clientes, de modo mais personalizado poss\u00edvel, levando diferentes op\u00e7\u00f5es de projetos e acabamentos.<\/p>\n<div><a class=\"btn anim-button fl-l\" title=\"Sobre <strong>N\u00f3s<\/strong>\" href=\"https:\/\/gavaconstrucoes.com\/index.php\/sobre-nos\/\"><span class=\"no-rep\">Sobre N\u00f3s<\/span><i class=\"fa fa-long-arrow-right\"><\/i><\/a><\/div>\n<p>[\/vc_column_text][\/vc_column][\/vc_row]<\/p>\n<\/div>","protected":false},"excerpt":{"rendered":"<p>[vc_row full_width=&#8221;stretch_row&#8221; cth_layout=&#8221;monolit_fullheight_sec&#8221;][vc_column css_animation=&#8221;none&#8221; css=&#8221;.vc_custom_1739188819455{padding-right: 0px !important;padding-left: 0px !important;}&#8221;][monolit_home_image scroll_link=&#8221;&#8221; bgimg=&#8221;674&#8243;] Gava Constru\u00e7\u00f5es &nbsp; Constru\u00e7\u00f5es e Gerenciamento &nbsp; [\/monolit_home_image][\/vc_column][\/vc_row][vc_row cth_layout=&#8221;monolit_page_sec&#8221; sec_number=&#8221;01&#8243; el_id=&#8221;sec1&#8243;][vc_column offset=&#8221;vc_col-md-4&#8243;][monolit_carousel_slider_multiimgs slideimages=&#8221;641,658,659&#8243;][\/vc_column][vc_column offset=&#8221;vc_col-md-8&#8243;][vc_column_text] Bem vindo a Gava Constru\u00e7\u00f5es Somos, de fato, entusiastas do setor de desenvolvimento urbano, imobili\u00e1rio residencial e comercial, com grande atua\u00e7\u00e3o no interior de S\u00e3o Paulo. Ao longo de nossa [&hellip;]<\/p>\n","protected":false},"author":1,"featured_media":0,"parent":0,"menu_order":0,"comment_status":"closed","ping_status":"closed","template":"homepage.php","meta":{"_monsterinsights_skip_tracking":false,"_monsterinsights_sitenote_active":false,"_monsterinsights_sitenote_note":"","_monsterinsights_sitenote_category":0,"footnotes":""},"class_list":["post-513","page","type-page","status-publish","hentry"],"aioseo_notices":[],"_links":{"self":[{"href":"https:\/\/gavaconstrucoes.com\/index.php\/wp-json\/wp\/v2\/pages\/513","targetHints":{"allow":["GET"]}}],"collection":[{"href":"https:\/\/gavaconstrucoes.com\/index.php\/wp-json\/wp\/v2\/pages"}],"about":[{"href":"https:\/\/gavaconstrucoes.com\/index.php\/wp-json\/wp\/v2\/types\/page"}],"author":[{"embeddable":true,"href":"https:\/\/gavaconstrucoes.com\/index.php\/wp-json\/wp\/v2\/users\/1"}],"replies":[{"embeddable":true,"href":"https:\/\/gavaconstrucoes.com\/index.php\/wp-json\/wp\/v2\/comments?post=513"}],"version-history":[{"count":41,"href":"https:\/\/gavaconstrucoes.com\/index.php\/wp-json\/wp\/v2\/pages\/513\/revisions"}],"predecessor-version":[{"id":723,"href":"https:\/\/gavaconstrucoes.com\/index.php\/wp-json\/wp\/v2\/pages\/513\/revisions\/723"}],"wp:attachment":[{"href":"https:\/\/gavaconstrucoes.com\/index.php\/wp-json\/wp\/v2\/media?parent=513"}],"curies":[{"name":"wp","href":"https:\/\/api.w.org\/{rel}","templated":true}]}}