{"id":75,"date":"2016-02-19T16:17:17","date_gmt":"2016-02-19T16:17:17","guid":{"rendered":"http:\/\/demowp.cththemes.net\/monolit\/?page_id=75"},"modified":"2025-05-29T20:24:46","modified_gmt":"2025-05-29T20:24:46","slug":"sobre-nos","status":"publish","type":"page","link":"https:\/\/gavaconstrucoes.com\/index.php\/sobre-nos\/","title":{"rendered":"Sobre <strong>N\u00f3s<\/strong>"},"content":{"rendered":"<div class=\"wpb-content-wrapper\"><p>[vc_row cth_layout=&#8221;monolit_page_sec&#8221; sec_number=&#8221;01&#8243; el_id=&#8221;sec1&#8243;][vc_column offset=&#8221;vc_col-md-8&#8243;][vc_column_text]<\/p>\n<h2 class=\"section-title\">Nossa hist\u00f3ria<\/h2>\n<div class=\"process-box\">\n<p>Somos, de fato, entusiastas do setor de desenvolvimento urbano, imobili\u00e1rio residencial e comercial, com grande atua\u00e7\u00e3o no interior de S\u00e3o Paulo. Ao longo de nossa hist\u00f3ria, estamos sempre transformando lugares e trazendo qualidade de vida aos nossos clientes e \u00e0s pessoas do entorno. Sempre nos dedicando a cada detalhe funcional, aconchegante, seguro e essencial. Diante disso, atendemos os desejos dos nossos clientes, de modo mais personalizado poss\u00edvel, levando diferentes op\u00e7\u00f5es de projetos e acabamentos.<\/p>\n<p>Al\u00e9m disso, a sustentabilidade na constru\u00e7\u00e3o civil \u00e9 um fator inegoci\u00e1vel para n\u00f3s, mitigando os impactos ambientais, sociais e econ\u00f4micos.<\/p>\n<p>Entendemos que o relacionamento a longo prazo \u00e9 pautado pela transpar\u00eancia, \u00e9tica e respeito m\u00fatuo.<\/p>\n<p>Nosso diferencial est\u00e1 no respeito com o cliente e colaboradores, prezando pelo comprometimento com a qualidade das etapas de constru\u00e7\u00e3o e prazos, construindo, de fato, com paix\u00e3o.<\/p>\n<p>Nossa empresa est\u00e1 sempre engajada nos processos evolutivos do setor da constru\u00e7\u00e3o, reciclando conhecimentos, experi\u00eancias e nos mantendo em atualiza\u00e7\u00e3o das tend\u00eancias do segmento e novas tecnologias.<\/p><\/div>\n<p><b>MISS\u00c3O<\/b><\/p>\n<p>Executar empreendimentos modernos e com qualidade, alcan\u00e7ando a confian\u00e7a e bem-estar de seus clientes e colaboradores.<\/p>\n<p>&nbsp;<\/p>\n<p><b>VIS\u00c3O<\/b><\/p>\n<p>Ser uma empresa sustent\u00e1vel e eficiente, com foco em qualidade, pontualidade e integridade.<\/p>\n<p>&nbsp;<\/p>\n<p><b>VALORES<\/b><\/p>\n<p>Solidez<\/p>\n<p>Pontualidade<\/p>\n<p>Qualidade<\/p>\n<p>Transpar\u00eancia<\/p>\n<p>Inova\u00e7\u00e3o<\/p>\n<p>Garantia<\/p>\n<p>Meio ambiente[\/vc_column_text][\/vc_column][vc_column offset=&#8221;vc_col-md-4&#8243;][monolit_parallax_box box_pos=&#8221;center&#8221;]<img loading=\"lazy\" decoding=\"async\" class=\"respimg alignnone wp-image-602 size-medium\" src=\"https:\/\/gavaconstrucoes.com\/wp-content\/uploads\/2022\/11\/00-300x169.jpg\" alt=\"\" width=\"300\" height=\"169\" srcset=\"https:\/\/gavaconstrucoes.com\/wp-content\/uploads\/2022\/11\/00-300x169.jpg 300w, https:\/\/gavaconstrucoes.com\/wp-content\/uploads\/2022\/11\/00-1024x576.jpg 1024w, https:\/\/gavaconstrucoes.com\/wp-content\/uploads\/2022\/11\/00-768x432.jpg 768w, https:\/\/gavaconstrucoes.com\/wp-content\/uploads\/2022\/11\/00-1536x864.jpg 1536w, https:\/\/gavaconstrucoes.com\/wp-content\/uploads\/2022\/11\/00-2048x1152.jpg 2048w\" sizes=\"auto, (max-width: 300px) 100vw, 300px\" \/>[\/monolit_parallax_box][\/vc_column][\/vc_row][vc_row cth_layout=&#8221;monolit_page_dark_sec&#8221; parallax_inner_op=&#8221;0.8&#8243; sec_number=&#8221;02&#8243; sec_number_pos=&#8221;left&#8221; parallax_inner=&#8221;608&#8243; el_id=&#8221;sec2&#8243;][vc_column][vc_row_inner][vc_column_inner offset=&#8221;vc_col-md-4&#8243;][vc_column_text]<\/p>\n<h2 class=\"section-title\">DEPOIMENTOS DE CLIENTES<\/h2>\n<p>[\/vc_column_text][\/vc_column_inner][vc_column_inner offset=&#8221;vc_col-md-8&#8243;][vc_column_text]<\/p>\n<p class=\"no-rep\" style=\"text-align: left;\">&#8211; \u201cDesenvolvimento do projeto e acompanhento de toda obra do in\u00edcio at\u00e9 entrega. Trabalho de confian\u00e7a, com desempenho de qualidade e seriedade. Empresa especializada e dedicada para trazer solu\u00e7\u00e3o ao cliente.\u201d<\/p>\n<p style=\"text-align: right;\">A. Sadocco<\/p>\n<p class=\"no-rep\">&#8211; \u201cConfian\u00e7a na qualidade e no compromisso, respeito pelos clientes\u2026\u2026\u201d<\/p>\n<p style=\"text-align: right;\">R. Oliveira<\/p>\n<p class=\"no-rep\">&#8211; \u201cEstamos satisfeitos pelo resultado, o gerenciamento foi executado com excel\u00eancia, qualidade do acabamento e obra finalizada conforme o cronograma.\u201d<\/p>\n<p style=\"text-align: right;\">AM.Silva<\/p>\n<p>[\/vc_column_text][\/vc_column_inner][\/vc_row_inner][\/vc_column][\/vc_row]<\/p>\n<\/div>","protected":false},"excerpt":{"rendered":"<p>[vc_row cth_layout=&#8221;monolit_page_sec&#8221; sec_number=&#8221;01&#8243; el_id=&#8221;sec1&#8243;][vc_column offset=&#8221;vc_col-md-8&#8243;][vc_column_text] Nossa hist\u00f3ria Somos, de fato, entusiastas do setor de desenvolvimento urbano, imobili\u00e1rio residencial e comercial, com grande atua\u00e7\u00e3o no interior de S\u00e3o Paulo. Ao longo de nossa hist\u00f3ria, estamos sempre transformando lugares e trazendo qualidade de vida aos nossos clientes e \u00e0s pessoas do entorno. Sempre nos dedicando a cada [&hellip;]<\/p>\n","protected":false},"author":1,"featured_media":0,"parent":0,"menu_order":0,"comment_status":"closed","ping_status":"closed","template":"page-fullwidth.php","meta":{"_monsterinsights_skip_tracking":false,"_monsterinsights_sitenote_active":false,"_monsterinsights_sitenote_note":"","_monsterinsights_sitenote_category":0,"footnotes":""},"class_list":["post-75","page","type-page","status-publish","hentry"],"aioseo_notices":[],"_links":{"self":[{"href":"https:\/\/gavaconstrucoes.com\/index.php\/wp-json\/wp\/v2\/pages\/75","targetHints":{"allow":["GET"]}}],"collection":[{"href":"https:\/\/gavaconstrucoes.com\/index.php\/wp-json\/wp\/v2\/pages"}],"about":[{"href":"https:\/\/gavaconstrucoes.com\/index.php\/wp-json\/wp\/v2\/types\/page"}],"author":[{"embeddable":true,"href":"https:\/\/gavaconstrucoes.com\/index.php\/wp-json\/wp\/v2\/users\/1"}],"replies":[{"embeddable":true,"href":"https:\/\/gavaconstrucoes.com\/index.php\/wp-json\/wp\/v2\/comments?post=75"}],"version-history":[{"count":10,"href":"https:\/\/gavaconstrucoes.com\/index.php\/wp-json\/wp\/v2\/pages\/75\/revisions"}],"predecessor-version":[{"id":730,"href":"https:\/\/gavaconstrucoes.com\/index.php\/wp-json\/wp\/v2\/pages\/75\/revisions\/730"}],"wp:attachment":[{"href":"https:\/\/gavaconstrucoes.com\/index.php\/wp-json\/wp\/v2\/media?parent=75"}],"curies":[{"name":"wp","href":"https:\/\/api.w.org\/{rel}","templated":true}]}}